{"id":959,"date":"2023-06-08T00:50:18","date_gmt":"2023-06-07T22:50:18","guid":{"rendered":"https:\/\/quadrillecapital.fauchet-ludovic.fr\/legal-informations\/"},"modified":"2024-10-25T23:01:10","modified_gmt":"2024-10-25T21:01:10","slug":"mentions-legales","status":"publish","type":"page","link":"https:\/\/www.quadrillecapital.com\/fr\/mentions-legales\/","title":{"rendered":"Mentions l\u00e9gales"},"content":{"rendered":"\r\n<h2>Site<\/h2>\r\n<p>Le site www.quadrillecapital.com (ci-apr\u00e8s le \u00ab\u00a0Site\u00a0\u00bb) est un site exclusivement d\u2019information \u00a0dont l&rsquo;objectif est de pr\u00e9senter l&rsquo;activit\u00e9 de Quadrille Capital.<\/p>\r\n<p>Le contenu des pages de ce Site est fourni \u00e0 titre d&rsquo;information uniquement. Toute information peut \u00eatre modifi\u00e9e sans pr\u00e9avis par Quadrille Capital.. Les informations fournies sur le Site n&rsquo;ont aucune valeur contractuelle. Il ne s&rsquo;agit pas d&rsquo;un site transactionnel. En aucun cas, les informations publi\u00e9es sur le Site ne constituent une offre de produits ou de services pouvant \u00eatre consid\u00e9r\u00e9s comme une offre au public, ni une sollicitation d&rsquo;achat ou de vente de valeurs mobili\u00e8res ou d&rsquo;autres produits de gestion d&rsquo;investissement. De plus, rien sur ce site ne constitue un conseil ou une recommandation de quelque nature que ce soit (financi\u00e8re, d&rsquo;investissement, fiscale ou autre) et ne doit pas \u00eatre consid\u00e9r\u00e9 comme tel. Les performances pass\u00e9es ne sont pas un indicateur fiable des performances futures et les investissements peuvent fluctuer \u00e0 la hausse comme \u00e0 la baisse.<\/p>\r\n<p>Quadrille Capital se r\u00e9serve le droit de modifier, de mettre fin, de suspendre ou d\u2019interrompre \u00e0 tout moment, pour quelque raison que ce soit et \u00e0 sa seule discr\u00e9tion, l&rsquo;acc\u00e8s \u00e0 tout ou partie du Site sans pr\u00e9avis.<\/p>\r\n<p>Quadrille Capital SAS<\/p>\r\n<p>Soci\u00e9t\u00e9 par Actions Simplifi\u00e9e au capital de 1 000 000 \u20ac<\/p>\r\n<p>Si\u00e8ge social : 16 Place de la Madeleine 75008 Paris France<\/p>\r\n<p>T\u00e9l : +33 1 79 74 23 40<\/p>\r\n<p>Nom commercial : Quadrille Capital<\/p>\r\n<p>RCS : 495 392 458 Paris<\/p>\r\n<p>Quadrille Capital est agr\u00e9\u00e9e par \u00a0l&rsquo;Autorit\u00e9 des March\u00e9s Financiers sous le num\u00e9ro GP-07000013.<\/p>\r\n<p>H\u00e9bergement web : OVH<\/p>\r\n<p>D\u00e9veloppement web : <a href=\"https:\/\/www.futurparfait.com\/\" target=\"_blank\" rel=\"noopener\">Futur Parfait<\/a><\/p>\r\n<p>Directeur de la publication : Henri de Perignon<\/p>\r\n<p>Acc\u00e8s au Site<\/p>\r\n<p>L&rsquo;acc\u00e8s aux produits et services pr\u00e9sent\u00e9s sur le Site peut faire l&rsquo;objet de restrictions ou d&rsquo;interdictions l\u00e9gales dans certains pays. Le traitement fiscal appropri\u00e9 des investissements d\u00e9pend des situations individuelles et est susceptible de changer. Il appartient \u00e0 chaque personne acc\u00e9dant \u00e0 ces produits ou services de contacter pr\u00e9alablement ses conseillers juridiques et fiscaux pour s&rsquo;assurer que son statut lui permet de souscrire aux produits et services accessibles sur ce Site. Aucune souscription n&rsquo;est possible via ce Site.<\/p>\r\n<p>&nbsp;<\/p>\r\n<h2>Protection des donn\u00e9es<\/h2>\r\n<p>Quadrille Capital traite les donn\u00e9es personnelles conform\u00e9ment au R\u00e8glement g\u00e9n\u00e9ral sur la protection des donn\u00e9es de l&rsquo;UE 2016\/679 (\u00ab\u00a0RGPD\u00a0\u00bb).<\/p>\r\n<p>Quadrille Capital peut \u00eatre amen\u00e9e \u00e0 \u00a0collecter et utiliser diff\u00e9rents types de donn\u00e9es personnelles vous concernant:<\/p>\r\n<ul>\r\n<li>vos informations d&rsquo;identification et coordonn\u00e9es (nom, date de naissance, adresse postale\/\u00e9lectronique, num\u00e9ro de t\u00e9l\u00e9phone, etc.) ;<\/li>\r\n<li>votre situation familiale (\u00e9tat civil, nombre d&rsquo;enfants, etc.) ;<\/li>\r\n<li>vos donn\u00e9es \u00e0 des fins de lutte contre le blanchiment d&rsquo;argent et la lutte contre le terrorisme ;<\/li>\r\n<li>vos donn\u00e9es sur votre situation professionnelle (formation, profession, exp\u00e9rience professionnelle et connaissances financi\u00e8res, etc.) ;<\/li>\r\n<li>vos donn\u00e9es sur votre situation financi\u00e8re (donn\u00e9es bancaires, financi\u00e8res et transactionnelles, etc.) ;<\/li>\r\n<li>des donn\u00e9es collect\u00e9es par le biais d&rsquo;\u00e9changes, sur son site ou sur les r\u00e9seaux sociaux, ou encore lors de r\u00e9unions ou de salons professionnels, d&rsquo;entretiens, de conversations t\u00e9l\u00e9phoniques, de courriels, etc.<\/li>\r\n<\/ul>\r\n<p>Les donn\u00e9es personnelles sont collect\u00e9es :<\/p>\r\n<ul>\r\n<li>Pour se conformer \u00e0 ses obligations l\u00e9gales ou r\u00e9glementaires ;<\/li>\r\n<li>Pour la gestion et l&rsquo;ex\u00e9cution de vos contrats ;<\/li>\r\n<li>\u00c0 des fins de communication (rapports, actualit\u00e9s et \u00e9v\u00e9nements de Quadrille, etc.).<\/li>\r\n<\/ul>\r\n<p>Les donn\u00e9es personnelles sont utilis\u00e9es exclusivement par Quadrille Capital et ne seront ni vendues ni transmises \u00e0 des tiers. Cependant, elles peuvent faire l&rsquo;objet d&rsquo;une communication dans certains cas, notamment :<\/p>\r\n<ul>\r\n<li>Aux autorit\u00e9s judiciaires ou financi\u00e8res, aux organismes \u00e9tatiques ou aux organismes publics, \u00e0 leur demande et dans les limites autoris\u00e9es par la r\u00e9glementation ;<\/li>\r\n<li>Aux professionnels fournissant des services pour le compte de Quadrille Capital (d\u00e9positaires, auditeurs, comptables, avocats, etc.).<\/li>\r\n<li>Les donn\u00e9es personnelles sont trait\u00e9es et stock\u00e9es sur le territoire de l&rsquo;Union europ\u00e9enne. Toutefois, dans des cas sp\u00e9cifiques, elles peuvent \u00eatre transf\u00e9r\u00e9es vers des pays non membres de l&rsquo;UE dont le niveau de protection a \u00e9t\u00e9 reconnu comme ad\u00e9quat par la Commission europ\u00e9enne. Dans ce cas, les donn\u00e9es personnelles peuvent \u00eatre transf\u00e9r\u00e9es sans autorisation sp\u00e9cifique.<\/li>\r\n<\/ul>\r\n<p>Les donn\u00e9es personnelles sont conserv\u00e9es par Quadrille Capital aussi longtemps que n\u00e9cessaire pour l&rsquo;accomplissement des finalit\u00e9s pour lesquelles elles ont \u00e9t\u00e9 collect\u00e9es et trait\u00e9es (obligations l\u00e9gales et r\u00e9glementaires, op\u00e9rations, contrats, etc.).<\/p>\r\n<p>Conform\u00e9ment \u00e0 la r\u00e9glementation, vous disposez des droits suivants :<\/p>\r\n<ul>\r\n<li>Droit d&rsquo;acc\u00e8s : vous pouvez obtenir des informations sur le traitement de vos donn\u00e9es personnelles et une copie de ces donn\u00e9es ;<\/li>\r\n<li>Droit de rectification : si vous estimez que vos donn\u00e9es personnelles sont inexactes ou incompl\u00e8tes, vous pouvez demander que ces donn\u00e9es soient rectifi\u00e9es ou compl\u00e9t\u00e9es en cons\u00e9quence ;<\/li>\r\n<li>Droit \u00e0 l&rsquo;effacement : vous pouvez demander la suppression de vos donn\u00e9es personnelles, dans les limites autoris\u00e9es par la r\u00e9glementation ;<\/li>\r\n<li>Droit d&rsquo;opposition : vous pouvez vous opposer au traitement de vos donn\u00e9es personnelles, pour des motifs li\u00e9s \u00e0 votre situation particuli\u00e8re. Vous avez le droit absolu de vous opposer \u00e0 tout moment \u00e0 ce que vos donn\u00e9es soient utilis\u00e9es \u00e0 des fins de prospection commerciale, ou \u00e0 des fins de profilage si ce profilage est li\u00e9 \u00e0 une prospection commerciale ;<\/li>\r\n<li>Droit de retirer votre consentement : si vous avez donn\u00e9 votre consentement au traitement de vos donn\u00e9es personnelles, vous pouvez retirer ce consentement \u00e0 tout moment. Quadrille Capital peut cependant invoquer des motifs l\u00e9gitimes et imp\u00e9rieux pour les conserver ;<\/li>\r\n<li>Droit \u00e0 la portabilit\u00e9 des donn\u00e9es : lorsque ce droit est applicable, vous avez le droit de recevoir les donn\u00e9es personnelles que vous nous avez fournies, , et le droit de les transmettre \u00e0 un autre responsable du traitement, lorsque cela est techniquement possible.<\/li>\r\n<\/ul>\r\n<p>Si vous avez des questions sur l&rsquo;utilisation de vos donn\u00e9es personnelles, vous pouvez contacter notre Responsable de la Conformit\u00e9 (RCCI) \u00e0 notre si\u00e8ge social (16 Place de la Madeleine, 75008 Paris, France) ou \u00e0 contact@quadrillecapital.com.<\/p>\r\n<p>Conform\u00e9ment \u00e0 la l\u00e9gislation applicable, outre les droits mentionn\u00e9s ci-dessus, vous avez le droit de saisir une autorit\u00e9 de protection des donn\u00e9es, telle que la CNIL en France (www.cnil.fr).<\/p>\r\n<h2>Cookie<\/h2>\r\n<p>En naviguant sur le site www.quadrillecapital.com, un ou plusieurs \u00ab\u00a0cookies\u00a0\u00bb peuvent \u00eatre stock\u00e9s sur votre ordinateur, votre t\u00e9l\u00e9phone portable ou votre tablette. Ce paragraphe vous permet de mieux comprendre le fonctionnement des \u00ab\u00a0cookies\u00a0\u00bb et comment configurer vos navigateurs Internet pour les g\u00e9rer correctement.<\/p>\r\n<p>Qu&rsquo;est-ce qu&rsquo;un cookie ?<\/p>\r\n<p>Un \u00ab\u00a0cookie\u00a0\u00bb est un petit fichier texte enregistr\u00e9 sur le disque dur de votre ordinateur lors de la visite d&rsquo;un site web ou de la consultation d&rsquo;une publicit\u00e9. Il est g\u00e9r\u00e9 par votre navigateur Internet. Son objectif est de collecter des informations sur vos sites de navigation, de vous envoyer des services personnalis\u00e9s, mais il ne peut pas \u00eatre utilis\u00e9 pour r\u00e9cup\u00e9rer des donn\u00e9es sur votre disque, installer un virus ou obtenir vos informations personnelles.<\/p>\r\n<p>Plus d&rsquo;informations sur les cookies sur le site de la CNIL www.cnil.fr<\/p>\r\n<p>Vos choix en mati\u00e8re de cookies :<\/p>\r\n<p>Vous pouvez choisir d&rsquo;accepter le d\u00e9p\u00f4t de cookies sur votre appareil et de modifier cette d\u00e9cision \u00e0 tout moment en modifiant les param\u00e8tres de votre navigateur Internet. Selon le type de navigateur, vous aurez les options suivantes : accepter ou refuser les cookies de toute origine ou d&rsquo;une source donn\u00e9e, ou programmer un message demandant votre consentement chaque fois qu&rsquo;un cookie est plac\u00e9 sur votre terminal.<\/p>\r\n<p>Pour exprimer ou modifier vos choix, reportez vous au menu d&rsquo;aide ou \u00e0 la rubrique d\u00e9di\u00e9e de votre navigateur.<\/p>\r\n<h2>Droits d&rsquo;auteur et propri\u00e9t\u00e9 intellectuelle<\/h2>\r\n<p>Le contenu de ce Site et toutes ses composantes (y compris, sans s&rsquo;y limiter, les textes, images, vid\u00e9os, logos, marques, graphiques, photographies, etc.) sont la propri\u00e9t\u00e9 exclusive de Quadrille Capital.<\/p>\r\n<p>L&rsquo;utilisation de tout \u00e9l\u00e9ment du site web n&rsquo;est autoris\u00e9e qu&rsquo;\u00e0 des fins d&rsquo;information et \u00e0 usage personnel priv\u00e9.<\/p>\r\n<p>Toute reproduction ou utilisation non autoris\u00e9e de ce Site et des informations fournies peut entra\u00eener des poursuites judiciaires, notamment pour violation des droits de propri\u00e9t\u00e9 intellectuelle.<\/p>\r\n<p>Quadrille Capital est une marque d\u00e9pos\u00e9e. Toutes les autres marques mentionn\u00e9es sur ce Site peuvent \u00eatre des marques prot\u00e9g\u00e9es et donc la propri\u00e9t\u00e9 de leurs propri\u00e9taires respectifs.<\/p>\r\n<h2>Responsabilit\u00e9 des contenus<\/h2>\r\n<p>L&rsquo;utilisation sp\u00e9cifique des informations contenues dans ce Site rel\u00e8ve de la seule responsabilit\u00e9 de l&rsquo;utilisateur.<\/p>\r\n<p>Quadrille Capital a fourni les meilleurs efforts pour garantir l&rsquo;exactitude des informations publi\u00e9es, mais d\u00e9cline toute responsabilit\u00e9 en cas de perte ou de dommage de quelque nature que ce soit pouvant r\u00e9sulter des opinions ou des informations explicites ou implicites publi\u00e9es sur le Site.<\/p>\r\n<p>La Site peut contenir des liens hypertextes vers des sites qui ne sont pas \u00e9dit\u00e9s par Quadrille Capital \u00a0En cons\u00e9quence, Quadrille Capital ne peut \u00eatre tenue pour responsable du contenu des sites auxquels vous pourriez avoir acc\u00e8s.<\/p>\r\n<h2>Droit applicable<\/h2>\r\n<p>Ce site web est r\u00e9gi par le droit fran\u00e7ais. Toute action relative \u00e0 ce site web doit \u00eatre port\u00e9e devant les tribunaux fran\u00e7ais.<\/p>\r\n","protected":false},"excerpt":{"rendered":"<p>Site Le site www.quadrillecapital.com (ci-apr\u00e8s le \u00ab\u00a0Site\u00a0\u00bb) est un site exclusivement d\u2019information \u00a0dont l&rsquo;objectif est de pr\u00e9senter l&rsquo;activit\u00e9 de Quadrille Capital. Le contenu des pages de ce Site est fourni \u00e0 titre d&rsquo;information uniquement. Toute information peut \u00eatre modifi\u00e9e sans pr\u00e9avis par Quadrille Capital.. Les informations fournies sur le Site n&rsquo;ont aucune valeur contractuelle. Il [&hellip;]<\/p>\n","protected":false},"author":1,"featured_media":0,"parent":0,"menu_order":0,"comment_status":"closed","ping_status":"closed","template":"","meta":{"_acf_changed":false,"footnotes":""},"class_list":["post-959","page","type-page","status-publish","hentry"],"acf":[],"yoast_head":"<!-- This site is optimized with the Yoast SEO plugin v27.4 - https:\/\/yoast.com\/product\/yoast-seo-wordpress\/ -->\n<title>Mentions l\u00e9gales - Quadrille Capital<\/title>\n<meta name=\"robots\" content=\"index, follow, max-snippet:-1, max-image-preview:large, max-video-preview:-1\" \/>\n<link rel=\"canonical\" href=\"https:\/\/www.quadrillecapital.com\/fr\/mentions-legales\/\" \/>\n<meta property=\"og:locale\" content=\"fr_FR\" \/>\n<meta property=\"og:type\" content=\"article\" \/>\n<meta property=\"og:title\" content=\"Mentions l\u00e9gales - Quadrille Capital\" \/>\n<meta property=\"og:description\" content=\"Site Le site www.quadrillecapital.com (ci-apr\u00e8s le \u00ab\u00a0Site\u00a0\u00bb) est un site exclusivement d\u2019information \u00a0dont l&rsquo;objectif est de pr\u00e9senter l&rsquo;activit\u00e9 de Quadrille Capital. Le contenu des pages de ce Site est fourni \u00e0 titre d&rsquo;information uniquement. Toute information peut \u00eatre modifi\u00e9e sans pr\u00e9avis par Quadrille Capital.. Les informations fournies sur le Site n&rsquo;ont aucune valeur contractuelle. Il [&hellip;]\" \/>\n<meta property=\"og:url\" content=\"https:\/\/www.quadrillecapital.com\/fr\/mentions-legales\/\" \/>\n<meta property=\"og:site_name\" content=\"Quadrille Capital\" \/>\n<meta property=\"article:modified_time\" content=\"2024-10-25T21:01:10+00:00\" \/>\n<meta name=\"twitter:card\" content=\"summary_large_image\" \/>\n<meta name=\"twitter:label1\" content=\"Dur\u00e9e de lecture estim\u00e9e\" \/>\n\t<meta name=\"twitter:data1\" content=\"7 minutes\" \/>\n<script type=\"application\/ld+json\" class=\"yoast-schema-graph\">{\"@context\":\"https:\\\/\\\/schema.org\",\"@graph\":[{\"@type\":\"WebPage\",\"@id\":\"https:\\\/\\\/www.quadrillecapital.com\\\/fr\\\/mentions-legales\\\/\",\"url\":\"https:\\\/\\\/www.quadrillecapital.com\\\/fr\\\/mentions-legales\\\/\",\"name\":\"Mentions l\u00e9gales - Quadrille Capital\",\"isPartOf\":{\"@id\":\"https:\\\/\\\/www.quadrillecapital.com\\\/fr\\\/#website\"},\"datePublished\":\"2023-06-07T22:50:18+00:00\",\"dateModified\":\"2024-10-25T21:01:10+00:00\",\"breadcrumb\":{\"@id\":\"https:\\\/\\\/www.quadrillecapital.com\\\/fr\\\/mentions-legales\\\/#breadcrumb\"},\"inLanguage\":\"fr-FR\",\"potentialAction\":[{\"@type\":\"ReadAction\",\"target\":[\"https:\\\/\\\/www.quadrillecapital.com\\\/fr\\\/mentions-legales\\\/\"]}]},{\"@type\":\"BreadcrumbList\",\"@id\":\"https:\\\/\\\/www.quadrillecapital.com\\\/fr\\\/mentions-legales\\\/#breadcrumb\",\"itemListElement\":[{\"@type\":\"ListItem\",\"position\":1,\"name\":\"Home\",\"item\":\"https:\\\/\\\/www.quadrillecapital.com\\\/fr\\\/\"},{\"@type\":\"ListItem\",\"position\":2,\"name\":\"Mentions l\u00e9gales\"}]},{\"@type\":\"WebSite\",\"@id\":\"https:\\\/\\\/www.quadrillecapital.com\\\/fr\\\/#website\",\"url\":\"https:\\\/\\\/www.quadrillecapital.com\\\/fr\\\/\",\"name\":\"Quadrille Capital\",\"description\":\"\",\"publisher\":{\"@id\":\"https:\\\/\\\/www.quadrillecapital.com\\\/fr\\\/#organization\"},\"potentialAction\":[{\"@type\":\"SearchAction\",\"target\":{\"@type\":\"EntryPoint\",\"urlTemplate\":\"https:\\\/\\\/www.quadrillecapital.com\\\/fr\\\/?s={search_term_string}\"},\"query-input\":{\"@type\":\"PropertyValueSpecification\",\"valueRequired\":true,\"valueName\":\"search_term_string\"}}],\"inLanguage\":\"fr-FR\"},{\"@type\":\"Organization\",\"@id\":\"https:\\\/\\\/www.quadrillecapital.com\\\/fr\\\/#organization\",\"name\":\"Quadrille Capital\",\"url\":\"https:\\\/\\\/www.quadrillecapital.com\\\/fr\\\/\",\"logo\":{\"@type\":\"ImageObject\",\"inLanguage\":\"fr-FR\",\"@id\":\"https:\\\/\\\/www.quadrillecapital.com\\\/fr\\\/#\\\/schema\\\/logo\\\/image\\\/\",\"url\":\"https:\\\/\\\/www.quadrillecapital.com\\\/wp-content\\\/uploads\\\/2023\\\/06\\\/logo-color.svg\",\"contentUrl\":\"https:\\\/\\\/www.quadrillecapital.com\\\/wp-content\\\/uploads\\\/2023\\\/06\\\/logo-color.svg\",\"width\":425,\"height\":425,\"caption\":\"Quadrille Capital\"},\"image\":{\"@id\":\"https:\\\/\\\/www.quadrillecapital.com\\\/fr\\\/#\\\/schema\\\/logo\\\/image\\\/\"}}]}<\/script>\n<!-- \/ Yoast SEO plugin. -->","yoast_head_json":{"title":"Mentions l\u00e9gales - Quadrille Capital","robots":{"index":"index","follow":"follow","max-snippet":"max-snippet:-1","max-image-preview":"max-image-preview:large","max-video-preview":"max-video-preview:-1"},"canonical":"https:\/\/www.quadrillecapital.com\/fr\/mentions-legales\/","og_locale":"fr_FR","og_type":"article","og_title":"Mentions l\u00e9gales - Quadrille Capital","og_description":"Site Le site www.quadrillecapital.com (ci-apr\u00e8s le \u00ab\u00a0Site\u00a0\u00bb) est un site exclusivement d\u2019information \u00a0dont l&rsquo;objectif est de pr\u00e9senter l&rsquo;activit\u00e9 de Quadrille Capital. Le contenu des pages de ce Site est fourni \u00e0 titre d&rsquo;information uniquement. Toute information peut \u00eatre modifi\u00e9e sans pr\u00e9avis par Quadrille Capital.. Les informations fournies sur le Site n&rsquo;ont aucune valeur contractuelle. Il [&hellip;]","og_url":"https:\/\/www.quadrillecapital.com\/fr\/mentions-legales\/","og_site_name":"Quadrille Capital","article_modified_time":"2024-10-25T21:01:10+00:00","twitter_card":"summary_large_image","twitter_misc":{"Dur\u00e9e de lecture estim\u00e9e":"7 minutes"},"schema":{"@context":"https:\/\/schema.org","@graph":[{"@type":"WebPage","@id":"https:\/\/www.quadrillecapital.com\/fr\/mentions-legales\/","url":"https:\/\/www.quadrillecapital.com\/fr\/mentions-legales\/","name":"Mentions l\u00e9gales - Quadrille Capital","isPartOf":{"@id":"https:\/\/www.quadrillecapital.com\/fr\/#website"},"datePublished":"2023-06-07T22:50:18+00:00","dateModified":"2024-10-25T21:01:10+00:00","breadcrumb":{"@id":"https:\/\/www.quadrillecapital.com\/fr\/mentions-legales\/#breadcrumb"},"inLanguage":"fr-FR","potentialAction":[{"@type":"ReadAction","target":["https:\/\/www.quadrillecapital.com\/fr\/mentions-legales\/"]}]},{"@type":"BreadcrumbList","@id":"https:\/\/www.quadrillecapital.com\/fr\/mentions-legales\/#breadcrumb","itemListElement":[{"@type":"ListItem","position":1,"name":"Home","item":"https:\/\/www.quadrillecapital.com\/fr\/"},{"@type":"ListItem","position":2,"name":"Mentions l\u00e9gales"}]},{"@type":"WebSite","@id":"https:\/\/www.quadrillecapital.com\/fr\/#website","url":"https:\/\/www.quadrillecapital.com\/fr\/","name":"Quadrille Capital","description":"","publisher":{"@id":"https:\/\/www.quadrillecapital.com\/fr\/#organization"},"potentialAction":[{"@type":"SearchAction","target":{"@type":"EntryPoint","urlTemplate":"https:\/\/www.quadrillecapital.com\/fr\/?s={search_term_string}"},"query-input":{"@type":"PropertyValueSpecification","valueRequired":true,"valueName":"search_term_string"}}],"inLanguage":"fr-FR"},{"@type":"Organization","@id":"https:\/\/www.quadrillecapital.com\/fr\/#organization","name":"Quadrille Capital","url":"https:\/\/www.quadrillecapital.com\/fr\/","logo":{"@type":"ImageObject","inLanguage":"fr-FR","@id":"https:\/\/www.quadrillecapital.com\/fr\/#\/schema\/logo\/image\/","url":"https:\/\/www.quadrillecapital.com\/wp-content\/uploads\/2023\/06\/logo-color.svg","contentUrl":"https:\/\/www.quadrillecapital.com\/wp-content\/uploads\/2023\/06\/logo-color.svg","width":425,"height":425,"caption":"Quadrille Capital"},"image":{"@id":"https:\/\/www.quadrillecapital.com\/fr\/#\/schema\/logo\/image\/"}}]}},"_links":{"self":[{"href":"https:\/\/www.quadrillecapital.com\/fr\/wp-json\/wp\/v2\/pages\/959","targetHints":{"allow":["GET"]}}],"collection":[{"href":"https:\/\/www.quadrillecapital.com\/fr\/wp-json\/wp\/v2\/pages"}],"about":[{"href":"https:\/\/www.quadrillecapital.com\/fr\/wp-json\/wp\/v2\/types\/page"}],"author":[{"embeddable":true,"href":"https:\/\/www.quadrillecapital.com\/fr\/wp-json\/wp\/v2\/users\/1"}],"replies":[{"embeddable":true,"href":"https:\/\/www.quadrillecapital.com\/fr\/wp-json\/wp\/v2\/comments?post=959"}],"version-history":[{"count":6,"href":"https:\/\/www.quadrillecapital.com\/fr\/wp-json\/wp\/v2\/pages\/959\/revisions"}],"predecessor-version":[{"id":3590,"href":"https:\/\/www.quadrillecapital.com\/fr\/wp-json\/wp\/v2\/pages\/959\/revisions\/3590"}],"wp:attachment":[{"href":"https:\/\/www.quadrillecapital.com\/fr\/wp-json\/wp\/v2\/media?parent=959"}],"curies":[{"name":"wp","href":"https:\/\/api.w.org\/{rel}","templated":true}]}}