{"id":793,"date":"2023-06-01T15:43:57","date_gmt":"2023-06-01T13:43:57","guid":{"rendered":"https:\/\/quadrillecapital.fauchet-ludovic.fr\/growth-equity\/"},"modified":"2023-07-11T16:03:33","modified_gmt":"2023-07-11T14:03:33","slug":"growth-equity","status":"publish","type":"page","link":"https:\/\/www.quadrillecapital.com\/fr\/nos-strategies\/growth-equity\/","title":{"rendered":"Growth equity"},"content":{"rendered":"","protected":false},"excerpt":{"rendered":"<p>Investissements dans des soci\u00e9t\u00e9s innovantes \u00e0 forte croissance<\/p>\n","protected":false},"author":1,"featured_media":634,"parent":825,"menu_order":1,"comment_status":"closed","ping_status":"closed","template":"growth-equity.php","meta":{"_acf_changed":false,"footnotes":""},"class_list":["post-793","page","type-page","status-publish","has-post-thumbnail","hentry"],"acf":[],"yoast_head":"<!-- This site is optimized with the Yoast SEO plugin v27.4 - https:\/\/yoast.com\/product\/yoast-seo-wordpress\/ -->\n<title>Growth equity - Quadrille Capital<\/title>\n<meta name=\"robots\" content=\"index, follow, max-snippet:-1, max-image-preview:large, max-video-preview:-1\" \/>\n<link rel=\"canonical\" href=\"https:\/\/www.quadrillecapital.com\/fr\/nos-strategies\/growth-equity\/\" \/>\n<meta property=\"og:locale\" content=\"fr_FR\" \/>\n<meta property=\"og:type\" content=\"article\" \/>\n<meta property=\"og:title\" content=\"Growth equity - Quadrille Capital\" \/>\n<meta property=\"og:description\" content=\"Investissements dans des soci\u00e9t\u00e9s innovantes \u00e0 forte croissance\" \/>\n<meta property=\"og:url\" content=\"https:\/\/www.quadrillecapital.com\/fr\/nos-strategies\/growth-equity\/\" \/>\n<meta property=\"og:site_name\" content=\"Quadrille Capital\" \/>\n<meta property=\"article:modified_time\" content=\"2023-07-11T14:03:33+00:00\" \/>\n<meta property=\"og:image\" content=\"https:\/\/www.quadrillecapital.com\/wp-content\/uploads\/2023\/06\/square-growthequity.png\" \/>\n\t<meta property=\"og:image:width\" content=\"720\" \/>\n\t<meta property=\"og:image:height\" content=\"720\" \/>\n\t<meta property=\"og:image:type\" content=\"image\/png\" \/>\n<meta name=\"twitter:card\" content=\"summary_large_image\" \/>\n<script type=\"application\/ld+json\" class=\"yoast-schema-graph\">{\"@context\":\"https:\\\/\\\/schema.org\",\"@graph\":[{\"@type\":\"WebPage\",\"@id\":\"https:\\\/\\\/www.quadrillecapital.com\\\/fr\\\/nos-strategies\\\/growth-equity\\\/\",\"url\":\"https:\\\/\\\/www.quadrillecapital.com\\\/fr\\\/nos-strategies\\\/growth-equity\\\/\",\"name\":\"Growth equity - Quadrille Capital\",\"isPartOf\":{\"@id\":\"https:\\\/\\\/www.quadrillecapital.com\\\/fr\\\/#website\"},\"primaryImageOfPage\":{\"@id\":\"https:\\\/\\\/www.quadrillecapital.com\\\/fr\\\/nos-strategies\\\/growth-equity\\\/#primaryimage\"},\"image\":{\"@id\":\"https:\\\/\\\/www.quadrillecapital.com\\\/fr\\\/nos-strategies\\\/growth-equity\\\/#primaryimage\"},\"thumbnailUrl\":\"https:\\\/\\\/www.quadrillecapital.com\\\/wp-content\\\/uploads\\\/2023\\\/06\\\/square-growthequity.png\",\"datePublished\":\"2023-06-01T13:43:57+00:00\",\"dateModified\":\"2023-07-11T14:03:33+00:00\",\"breadcrumb\":{\"@id\":\"https:\\\/\\\/www.quadrillecapital.com\\\/fr\\\/nos-strategies\\\/growth-equity\\\/#breadcrumb\"},\"inLanguage\":\"fr-FR\",\"potentialAction\":[{\"@type\":\"ReadAction\",\"target\":[\"https:\\\/\\\/www.quadrillecapital.com\\\/fr\\\/nos-strategies\\\/growth-equity\\\/\"]}]},{\"@type\":\"ImageObject\",\"inLanguage\":\"fr-FR\",\"@id\":\"https:\\\/\\\/www.quadrillecapital.com\\\/fr\\\/nos-strategies\\\/growth-equity\\\/#primaryimage\",\"url\":\"https:\\\/\\\/www.quadrillecapital.com\\\/wp-content\\\/uploads\\\/2023\\\/06\\\/square-growthequity.png\",\"contentUrl\":\"https:\\\/\\\/www.quadrillecapital.com\\\/wp-content\\\/uploads\\\/2023\\\/06\\\/square-growthequity.png\",\"width\":720,\"height\":720},{\"@type\":\"BreadcrumbList\",\"@id\":\"https:\\\/\\\/www.quadrillecapital.com\\\/fr\\\/nos-strategies\\\/growth-equity\\\/#breadcrumb\",\"itemListElement\":[{\"@type\":\"ListItem\",\"position\":1,\"name\":\"Home\",\"item\":\"https:\\\/\\\/www.quadrillecapital.com\\\/fr\\\/\"},{\"@type\":\"ListItem\",\"position\":2,\"name\":\"Nos strat\u00e9gies\",\"item\":\"https:\\\/\\\/www.quadrillecapital.com\\\/fr\\\/nos-strategies\\\/\"},{\"@type\":\"ListItem\",\"position\":3,\"name\":\"Growth equity\"}]},{\"@type\":\"WebSite\",\"@id\":\"https:\\\/\\\/www.quadrillecapital.com\\\/fr\\\/#website\",\"url\":\"https:\\\/\\\/www.quadrillecapital.com\\\/fr\\\/\",\"name\":\"Quadrille Capital\",\"description\":\"\",\"publisher\":{\"@id\":\"https:\\\/\\\/www.quadrillecapital.com\\\/fr\\\/#organization\"},\"potentialAction\":[{\"@type\":\"SearchAction\",\"target\":{\"@type\":\"EntryPoint\",\"urlTemplate\":\"https:\\\/\\\/www.quadrillecapital.com\\\/fr\\\/?s={search_term_string}\"},\"query-input\":{\"@type\":\"PropertyValueSpecification\",\"valueRequired\":true,\"valueName\":\"search_term_string\"}}],\"inLanguage\":\"fr-FR\"},{\"@type\":\"Organization\",\"@id\":\"https:\\\/\\\/www.quadrillecapital.com\\\/fr\\\/#organization\",\"name\":\"Quadrille Capital\",\"url\":\"https:\\\/\\\/www.quadrillecapital.com\\\/fr\\\/\",\"logo\":{\"@type\":\"ImageObject\",\"inLanguage\":\"fr-FR\",\"@id\":\"https:\\\/\\\/www.quadrillecapital.com\\\/fr\\\/#\\\/schema\\\/logo\\\/image\\\/\",\"url\":\"https:\\\/\\\/www.quadrillecapital.com\\\/wp-content\\\/uploads\\\/2023\\\/06\\\/logo-color.svg\",\"contentUrl\":\"https:\\\/\\\/www.quadrillecapital.com\\\/wp-content\\\/uploads\\\/2023\\\/06\\\/logo-color.svg\",\"width\":425,\"height\":425,\"caption\":\"Quadrille Capital\"},\"image\":{\"@id\":\"https:\\\/\\\/www.quadrillecapital.com\\\/fr\\\/#\\\/schema\\\/logo\\\/image\\\/\"}}]}<\/script>\n<!-- \/ Yoast SEO plugin. -->","yoast_head_json":{"title":"Growth equity - Quadrille Capital","robots":{"index":"index","follow":"follow","max-snippet":"max-snippet:-1","max-image-preview":"max-image-preview:large","max-video-preview":"max-video-preview:-1"},"canonical":"https:\/\/www.quadrillecapital.com\/fr\/nos-strategies\/growth-equity\/","og_locale":"fr_FR","og_type":"article","og_title":"Growth equity - Quadrille Capital","og_description":"Investissements dans des soci\u00e9t\u00e9s innovantes \u00e0 forte croissance","og_url":"https:\/\/www.quadrillecapital.com\/fr\/nos-strategies\/growth-equity\/","og_site_name":"Quadrille Capital","article_modified_time":"2023-07-11T14:03:33+00:00","og_image":[{"width":720,"height":720,"url":"https:\/\/www.quadrillecapital.com\/wp-content\/uploads\/2023\/06\/square-growthequity.png","type":"image\/png"}],"twitter_card":"summary_large_image","schema":{"@context":"https:\/\/schema.org","@graph":[{"@type":"WebPage","@id":"https:\/\/www.quadrillecapital.com\/fr\/nos-strategies\/growth-equity\/","url":"https:\/\/www.quadrillecapital.com\/fr\/nos-strategies\/growth-equity\/","name":"Growth equity - Quadrille Capital","isPartOf":{"@id":"https:\/\/www.quadrillecapital.com\/fr\/#website"},"primaryImageOfPage":{"@id":"https:\/\/www.quadrillecapital.com\/fr\/nos-strategies\/growth-equity\/#primaryimage"},"image":{"@id":"https:\/\/www.quadrillecapital.com\/fr\/nos-strategies\/growth-equity\/#primaryimage"},"thumbnailUrl":"https:\/\/www.quadrillecapital.com\/wp-content\/uploads\/2023\/06\/square-growthequity.png","datePublished":"2023-06-01T13:43:57+00:00","dateModified":"2023-07-11T14:03:33+00:00","breadcrumb":{"@id":"https:\/\/www.quadrillecapital.com\/fr\/nos-strategies\/growth-equity\/#breadcrumb"},"inLanguage":"fr-FR","potentialAction":[{"@type":"ReadAction","target":["https:\/\/www.quadrillecapital.com\/fr\/nos-strategies\/growth-equity\/"]}]},{"@type":"ImageObject","inLanguage":"fr-FR","@id":"https:\/\/www.quadrillecapital.com\/fr\/nos-strategies\/growth-equity\/#primaryimage","url":"https:\/\/www.quadrillecapital.com\/wp-content\/uploads\/2023\/06\/square-growthequity.png","contentUrl":"https:\/\/www.quadrillecapital.com\/wp-content\/uploads\/2023\/06\/square-growthequity.png","width":720,"height":720},{"@type":"BreadcrumbList","@id":"https:\/\/www.quadrillecapital.com\/fr\/nos-strategies\/growth-equity\/#breadcrumb","itemListElement":[{"@type":"ListItem","position":1,"name":"Home","item":"https:\/\/www.quadrillecapital.com\/fr\/"},{"@type":"ListItem","position":2,"name":"Nos strat\u00e9gies","item":"https:\/\/www.quadrillecapital.com\/fr\/nos-strategies\/"},{"@type":"ListItem","position":3,"name":"Growth equity"}]},{"@type":"WebSite","@id":"https:\/\/www.quadrillecapital.com\/fr\/#website","url":"https:\/\/www.quadrillecapital.com\/fr\/","name":"Quadrille Capital","description":"","publisher":{"@id":"https:\/\/www.quadrillecapital.com\/fr\/#organization"},"potentialAction":[{"@type":"SearchAction","target":{"@type":"EntryPoint","urlTemplate":"https:\/\/www.quadrillecapital.com\/fr\/?s={search_term_string}"},"query-input":{"@type":"PropertyValueSpecification","valueRequired":true,"valueName":"search_term_string"}}],"inLanguage":"fr-FR"},{"@type":"Organization","@id":"https:\/\/www.quadrillecapital.com\/fr\/#organization","name":"Quadrille Capital","url":"https:\/\/www.quadrillecapital.com\/fr\/","logo":{"@type":"ImageObject","inLanguage":"fr-FR","@id":"https:\/\/www.quadrillecapital.com\/fr\/#\/schema\/logo\/image\/","url":"https:\/\/www.quadrillecapital.com\/wp-content\/uploads\/2023\/06\/logo-color.svg","contentUrl":"https:\/\/www.quadrillecapital.com\/wp-content\/uploads\/2023\/06\/logo-color.svg","width":425,"height":425,"caption":"Quadrille Capital"},"image":{"@id":"https:\/\/www.quadrillecapital.com\/fr\/#\/schema\/logo\/image\/"}}]}},"_links":{"self":[{"href":"https:\/\/www.quadrillecapital.com\/fr\/wp-json\/wp\/v2\/pages\/793","targetHints":{"allow":["GET"]}}],"collection":[{"href":"https:\/\/www.quadrillecapital.com\/fr\/wp-json\/wp\/v2\/pages"}],"about":[{"href":"https:\/\/www.quadrillecapital.com\/fr\/wp-json\/wp\/v2\/types\/page"}],"author":[{"embeddable":true,"href":"https:\/\/www.quadrillecapital.com\/fr\/wp-json\/wp\/v2\/users\/1"}],"replies":[{"embeddable":true,"href":"https:\/\/www.quadrillecapital.com\/fr\/wp-json\/wp\/v2\/comments?post=793"}],"version-history":[{"count":5,"href":"https:\/\/www.quadrillecapital.com\/fr\/wp-json\/wp\/v2\/pages\/793\/revisions"}],"predecessor-version":[{"id":1436,"href":"https:\/\/www.quadrillecapital.com\/fr\/wp-json\/wp\/v2\/pages\/793\/revisions\/1436"}],"up":[{"embeddable":true,"href":"https:\/\/www.quadrillecapital.com\/fr\/wp-json\/wp\/v2\/pages\/825"}],"wp:featuredmedia":[{"embeddable":true,"href":"https:\/\/www.quadrillecapital.com\/fr\/wp-json\/wp\/v2\/media\/634"}],"wp:attachment":[{"href":"https:\/\/www.quadrillecapital.com\/fr\/wp-json\/wp\/v2\/media?parent=793"}],"curies":[{"name":"wp","href":"https:\/\/api.w.org\/{rel}","templated":true}]}}